{"id":258,"date":"2025-02-27T21:29:07","date_gmt":"2025-02-27T20:29:07","guid":{"rendered":"https:\/\/www.qst.unina.it\/?page_id=258"},"modified":"2025-03-02T20:07:35","modified_gmt":"2025-03-02T19:07:35","slug":"quantum-optics-1-2","status":"publish","type":"page","link":"https:\/\/www.qst.unina.it\/index.php\/quantum-optics-1-2\/","title":{"rendered":"Quantum Optics 1"},"content":{"rendered":"\t\t<div data-elementor-type=\"wp-page\" data-elementor-id=\"258\" class=\"elementor elementor-258\">\n\t\t\t\t<div class=\"elementor-element elementor-element-2eca693 e-flex e-con-boxed e-con e-parent\" data-id=\"2eca693\" data-element_type=\"container\">\n\t\t\t\t\t<div class=\"e-con-inner\">\n\t\t<div class=\"elementor-element elementor-element-972d72d e-con-full e-flex e-con e-child\" data-id=\"972d72d\" data-element_type=\"container\">\n\t\t\t\t<div class=\"elementor-element elementor-element-68b0e1c elementor-widget elementor-widget-image\" data-id=\"68b0e1c\" data-element_type=\"widget\" data-widget_type=\"image.default\">\n\t\t\t\t<div class=\"elementor-widget-container\">\n\t\t\t\t\t\t\t\t\t\t\t\t\t\t\t\t<a href=\"https:\/\/www.qst.unina.it\/wp-content\/uploads\/2025\/02\/cover_v2_high_res.jpg\" data-elementor-open-lightbox=\"yes\" data-elementor-lightbox-title=\"cover_v2_high_res\" data-e-action-hash=\"#elementor-action%3Aaction%3Dlightbox%26settings%3DeyJpZCI6MjcwLCJ1cmwiOiJodHRwczpcL1wvd3d3LnFzdC51bmluYS5pdFwvd3AtY29udGVudFwvdXBsb2Fkc1wvMjAyNVwvMDJcL2NvdmVyX3YyX2hpZ2hfcmVzLmpwZyJ9\">\n\t\t\t\t\t\t\t<img fetchpriority=\"high\" decoding=\"async\" width=\"605\" height=\"605\" src=\"https:\/\/www.qst.unina.it\/wp-content\/uploads\/2025\/02\/cover_v2_high_res.jpg\" class=\"attachment-large size-large wp-image-270\" alt=\"\" \/>\t\t\t\t\t\t\t\t<\/a>\n\t\t\t\t\t\t\t\t\t\t\t\t\t\t\t<\/div>\n\t\t\t\t<\/div>\n\t\t\t\t<\/div>\n\t\t<div class=\"elementor-element elementor-element-26779d3 e-con-full e-flex e-con e-child\" data-id=\"26779d3\" data-element_type=\"container\">\n\t\t\t\t<div class=\"elementor-element elementor-element-3900686 elementor-widget elementor-widget-text-editor\" data-id=\"3900686\" data-element_type=\"widget\" data-widget_type=\"text-editor.default\">\n\t\t\t\t<div class=\"elementor-widget-container\">\n\t\t\t\t\t\t\t\t\t<p><strong>&#8211; Quantum walks and quantum simulations<br \/><\/strong>Photonic simulations of quantum dynamics permit the investigation of quantum phenomena in a controlled and accessible setup. We generate photonic quantum walks by dynamically altering photons wavefront and polarization, relying on metasurfaces whose action is based on optical spin-orbit interactions.<\/p>\t\t\t\t\t\t\t\t<\/div>\n\t\t\t\t<\/div>\n\t\t\t\t<\/div>\n\t\t\t\t\t<\/div>\n\t\t\t\t<\/div>\n\t\t<div class=\"elementor-element elementor-element-650cef8 e-flex e-con-boxed e-con e-parent\" data-id=\"650cef8\" data-element_type=\"container\">\n\t\t\t\t\t<div class=\"e-con-inner\">\n\t\t<div class=\"elementor-element elementor-element-cc9e35a e-con-full e-flex e-con e-child\" data-id=\"cc9e35a\" data-element_type=\"container\">\n\t\t\t\t<div class=\"elementor-element elementor-element-68b9d06 elementor-widget elementor-widget-image\" data-id=\"68b9d06\" data-element_type=\"widget\" data-widget_type=\"image.default\">\n\t\t\t\t<div class=\"elementor-widget-container\">\n\t\t\t\t\t\t\t\t\t\t\t\t\t\t\t\t<a href=\"https:\/\/www.qst.unina.it\/wp-content\/uploads\/2025\/02\/Large-scale-photonic-circuits.jpg\" data-elementor-open-lightbox=\"yes\" data-elementor-lightbox-title=\"Large-scale-photonic-circuits\" data-e-action-hash=\"#elementor-action%3Aaction%3Dlightbox%26settings%3DeyJpZCI6Mjc0LCJ1cmwiOiJodHRwczpcL1wvd3d3LnFzdC51bmluYS5pdFwvd3AtY29udGVudFwvdXBsb2Fkc1wvMjAyNVwvMDJcL0xhcmdlLXNjYWxlLXBob3RvbmljLWNpcmN1aXRzLmpwZyJ9\">\n\t\t\t\t\t\t\t<img decoding=\"async\" width=\"605\" height=\"605\" src=\"https:\/\/www.qst.unina.it\/wp-content\/uploads\/2025\/02\/Large-scale-photonic-circuits.jpg\" class=\"attachment-large size-large wp-image-274\" alt=\"\" \/>\t\t\t\t\t\t\t\t<\/a>\n\t\t\t\t\t\t\t\t\t\t\t\t\t\t\t<\/div>\n\t\t\t\t<\/div>\n\t\t\t\t<\/div>\n\t\t<div class=\"elementor-element elementor-element-43e657d e-con-full e-flex e-con e-child\" data-id=\"43e657d\" data-element_type=\"container\">\n\t\t\t\t<div class=\"elementor-element elementor-element-d0ca64b elementor-widget elementor-widget-text-editor\" data-id=\"d0ca64b\" data-element_type=\"widget\" data-widget_type=\"text-editor.default\">\n\t\t\t\t<div class=\"elementor-widget-container\">\n\t\t\t\t\t\t\t\t\t<p><strong>&#8211; Large-scale photonic circuits<br \/><\/strong>Photonic circuits serve as effective optical processors for both classical and quantum states of light. By leveraging liquid-crystal technology and spin-orbit photonics, we develop photonic circuits implementing large-scale unitary maps, linking a single input to hundreds of output modes in one- and two-dimensional layouts.<\/p><p><strong>References<\/strong>:<br \/>Di Colandrea, F.\u00a0<em>et al.<\/em>\u00a0Ultra-long quantum walks via spin\u2013orbit photonics.\u00a0<strong><em>Optica<\/em>\u00a010<\/strong>, 324 (2023).<\/p>\t\t\t\t\t\t\t\t<\/div>\n\t\t\t\t<\/div>\n\t\t\t\t<\/div>\n\t\t\t\t\t<\/div>\n\t\t\t\t<\/div>\n\t\t<div class=\"elementor-element elementor-element-b9325c5 e-flex e-con-boxed e-con e-parent\" data-id=\"b9325c5\" data-element_type=\"container\">\n\t\t\t\t\t<div class=\"e-con-inner\">\n\t\t<div class=\"elementor-element elementor-element-6f246e0 e-con-full e-flex e-con e-child\" data-id=\"6f246e0\" data-element_type=\"container\">\n\t\t\t\t<div class=\"elementor-element elementor-element-f798fff elementor-widget elementor-widget-image\" data-id=\"f798fff\" data-element_type=\"widget\" data-widget_type=\"image.default\">\n\t\t\t\t<div class=\"elementor-widget-container\">\n\t\t\t\t\t\t\t\t\t\t\t\t\t\t\t\t<a href=\"https:\/\/www.qst.unina.it\/wp-content\/uploads\/2025\/03\/Topological-photonics.jpg\" data-elementor-open-lightbox=\"yes\" data-elementor-lightbox-title=\"Topological photonics\" data-e-action-hash=\"#elementor-action%3Aaction%3Dlightbox%26settings%3DeyJpZCI6Mjc4LCJ1cmwiOiJodHRwczpcL1wvd3d3LnFzdC51bmluYS5pdFwvd3AtY29udGVudFwvdXBsb2Fkc1wvMjAyNVwvMDNcL1RvcG9sb2dpY2FsLXBob3Rvbmljcy5qcGcifQ%3D%3D\">\n\t\t\t\t\t\t\t<img decoding=\"async\" width=\"605\" height=\"605\" src=\"https:\/\/www.qst.unina.it\/wp-content\/uploads\/2025\/03\/Topological-photonics.jpg\" class=\"attachment-large size-large wp-image-278\" alt=\"Topological photonics\" \/>\t\t\t\t\t\t\t\t<\/a>\n\t\t\t\t\t\t\t\t\t\t\t\t\t\t\t<\/div>\n\t\t\t\t<\/div>\n\t\t\t\t<\/div>\n\t\t<div class=\"elementor-element elementor-element-ead1827 e-con-full e-flex e-con e-child\" data-id=\"ead1827\" data-element_type=\"container\">\n\t\t\t\t<div class=\"elementor-element elementor-element-f0ec4ae elementor-widget elementor-widget-text-editor\" data-id=\"f0ec4ae\" data-element_type=\"widget\" data-widget_type=\"text-editor.default\">\n\t\t\t\t<div class=\"elementor-widget-container\">\n\t\t\t\t\t\t\t\t\t<p><strong>&#8211; Topological photonics<br \/><\/strong>Topological photonics investigates how light behaves in custom-designed structures with unique topological properties. These properties are robust against certain perturbations and can lead to novel optical phenomena. Quantum walks of structured photons can be engineered to implement several topological systems, enabling the direct observation of novel and universal effects associated with the system\u2019s topology.<\/p><p><strong>References<\/strong>:<br \/>Cardano, F. et al. Detection of Zak phases and topological invariants in a chiral quantum walk of twisted photons. <strong>Nat. Commun. 8<\/strong>, 15516 (2017).<br \/>D\u2019Errico, A. et al. Bulk detection of time-dependent topological transitions in quenched chiral models. <strong>Phys. Rev. Res. 2<\/strong>, 023119 (2020).<\/p>\t\t\t\t\t\t\t\t<\/div>\n\t\t\t\t<\/div>\n\t\t\t\t<\/div>\n\t\t\t\t\t<\/div>\n\t\t\t\t<\/div>\n\t\t<div class=\"elementor-element elementor-element-f7de1fd e-flex e-con-boxed e-con e-parent\" data-id=\"f7de1fd\" data-element_type=\"container\">\n\t\t\t\t\t<div class=\"e-con-inner\">\n\t\t<div class=\"elementor-element elementor-element-0f6e8e1 e-con-full e-flex e-con e-child\" data-id=\"0f6e8e1\" data-element_type=\"container\">\n\t\t\t\t<div class=\"elementor-element elementor-element-f56ad94 elementor-widget elementor-widget-image\" data-id=\"f56ad94\" data-element_type=\"widget\" data-widget_type=\"image.default\">\n\t\t\t\t<div class=\"elementor-widget-container\">\n\t\t\t\t\t\t\t\t\t\t\t\t\t\t\t\t<a href=\"https:\/\/www.qst.unina.it\/wp-content\/uploads\/2025\/03\/Smart-photonics.jpg\" data-elementor-open-lightbox=\"yes\" data-elementor-lightbox-title=\"Smart photonics\" data-e-action-hash=\"#elementor-action%3Aaction%3Dlightbox%26settings%3DeyJpZCI6MjgyLCJ1cmwiOiJodHRwczpcL1wvd3d3LnFzdC51bmluYS5pdFwvd3AtY29udGVudFwvdXBsb2Fkc1wvMjAyNVwvMDNcL1NtYXJ0LXBob3Rvbmljcy5qcGcifQ%3D%3D\">\n\t\t\t\t\t\t\t<img loading=\"lazy\" decoding=\"async\" width=\"605\" height=\"605\" src=\"https:\/\/www.qst.unina.it\/wp-content\/uploads\/2025\/03\/Smart-photonics.jpg\" class=\"attachment-large size-large wp-image-282\" alt=\"\" \/>\t\t\t\t\t\t\t\t<\/a>\n\t\t\t\t\t\t\t\t\t\t\t\t\t\t\t<\/div>\n\t\t\t\t<\/div>\n\t\t\t\t<\/div>\n\t\t<div class=\"elementor-element elementor-element-bc269a8 e-con-full e-flex e-con e-child\" data-id=\"bc269a8\" data-element_type=\"container\">\n\t\t\t\t<div class=\"elementor-element elementor-element-0bfef57 elementor-widget elementor-widget-text-editor\" data-id=\"0bfef57\" data-element_type=\"widget\" data-widget_type=\"text-editor.default\">\n\t\t\t\t<div class=\"elementor-widget-container\">\n\t\t\t\t\t\t\t\t\t<p><strong>&#8211; Smart photonics via Artificial Intelligence<\/strong><br \/>The application of advanced computational tools, such as deep learning and optimization algorithms, can boost the characterization and design of complex photonic experiments. We exploit these techniques to extract relevant information by performing only a few to minimal measurements on the setup, working at the intersection between photonics and machine learning, where the predictions of AI tools can suggest the roadmap for new physics in optical simulators and beyond.<\/p><p><strong>References<\/strong>:<br \/>Di Colandrea, F. et al. Retrieving space-dependent polarization transformations via near-optimal quantum process tomography. <strong>Opt. Express 31<\/strong>, 20 (2023)<\/p><p>Jaouni T., et al. Quantum process tomography of structured optical gates with convolutional neural networks arXiv:2402.16616<\/p>\t\t\t\t\t\t\t\t<\/div>\n\t\t\t\t<\/div>\n\t\t\t\t<\/div>\n\t\t\t\t\t<\/div>\n\t\t\t\t<\/div>\n\t\t<div class=\"elementor-element elementor-element-820da06 e-flex e-con-boxed e-con e-parent\" data-id=\"820da06\" data-element_type=\"container\">\n\t\t\t\t\t<div class=\"e-con-inner\">\n\t\t<div class=\"elementor-element elementor-element-1879792 e-con-full e-flex e-con e-child\" data-id=\"1879792\" data-element_type=\"container\">\n\t\t\t\t<div class=\"elementor-element elementor-element-d1a7544 elementor-widget elementor-widget-image\" data-id=\"d1a7544\" data-element_type=\"widget\" data-widget_type=\"image.default\">\n\t\t\t\t<div class=\"elementor-widget-container\">\n\t\t\t\t\t\t\t\t\t\t\t\t\t\t\t\t<a href=\"https:\/\/www.qst.unina.it\/wp-content\/uploads\/2025\/03\/Structured-Dielectric.jpg\" data-elementor-open-lightbox=\"yes\" data-elementor-lightbox-title=\"Structured Dielectric\" data-e-action-hash=\"#elementor-action%3Aaction%3Dlightbox%26settings%3DeyJpZCI6Mjg0LCJ1cmwiOiJodHRwczpcL1wvd3d3LnFzdC51bmluYS5pdFwvd3AtY29udGVudFwvdXBsb2Fkc1wvMjAyNVwvMDNcL1N0cnVjdHVyZWQtRGllbGVjdHJpYy5qcGcifQ%3D%3D\">\n\t\t\t\t\t\t\t<img loading=\"lazy\" decoding=\"async\" width=\"605\" height=\"605\" src=\"https:\/\/www.qst.unina.it\/wp-content\/uploads\/2025\/03\/Structured-Dielectric.jpg\" class=\"attachment-large size-large wp-image-284\" alt=\"\" \/>\t\t\t\t\t\t\t\t<\/a>\n\t\t\t\t\t\t\t\t\t\t\t\t\t\t\t<\/div>\n\t\t\t\t<\/div>\n\t\t\t\t<\/div>\n\t\t<div class=\"elementor-element elementor-element-e1a89af e-con-full e-flex e-con e-child\" data-id=\"e1a89af\" data-element_type=\"container\">\n\t\t\t\t<div class=\"elementor-element elementor-element-6446eb3 elementor-widget elementor-widget-text-editor\" data-id=\"6446eb3\" data-element_type=\"widget\" data-widget_type=\"text-editor.default\">\n\t\t\t\t<div class=\"elementor-widget-container\">\n\t\t\t\t\t\t\t\t\t<p><strong>&#8211; Structured Dielectric Media for Quantum Photonics Devices<br \/><\/strong>This activity is focused on advancing quantum information science and technologies through the development of novel quantum light sources and detection systems. Linear and Nonlinear Structured Dielectric Material (SDM), mainly based on liquid crystals technology, are engineered to develop very peculiar tasks while taking care to strictly minimize the number of required optical components. Our approach will contribute to address the scaling challenge in quantum computing. The researchers in this area also test fundamental questions in quantum photonics.<\/p><p><strong>References<\/strong>:<br \/>Corona-Aquino, S., Ibarra-Borja, Z., Calder\u00f3n-Losada, O., Piccirillo, B., Vicu\u00f1a-Hern\u00e1ndez, V., Moctezuma-Quistian, T., Cruz-Ram\u00edrez. H, Lopez-Mago, D., U\u2019Ren, A. B. Generation of heralded vector-polarized single photons in remotely controlled topological classes <strong>Phys. Rev. Applied 21<\/strong>, 034030 (2024).<br \/><a href=\"https:\/\/doi.org\/10.1103\/PhysRevApplied.21.034030\" target=\"_blank\" rel=\"noopener\">https:\/\/doi.org\/10.1103\/PhysRevApplied.21.034030<\/a><\/p><p>Cimini, V., Polino, E., Belliardo, F., Hoch, F., Piccirillo, B., Spagnolo, N, Giovannetti, V., Sciarrino, F. Experimental metrology beyond the standard quantum limit for a wide resources range <strong>NPJ Quantum Inf 9<\/strong>, 20 (2023).<br \/><a href=\"https:\/\/doi.org\/10.1038\/s41534-023-00691-y\" target=\"_blank\" rel=\"noopener\">https:\/\/doi.org\/10.1038\/s41534-023-00691-y<\/a><\/p>\t\t\t\t\t\t\t\t<\/div>\n\t\t\t\t<\/div>\n\t\t\t\t<\/div>\n\t\t\t\t\t<\/div>\n\t\t\t\t<\/div>\n\t\t\t\t<\/div>\n\t\t","protected":false},"excerpt":{"rendered":"<p>&#8211; Quantum walks and quantum simulationsPhotonic simulations of quantum dynamics permit the investigation of quantum phenomena in a controlled and accessible setup. We generate photonic quantum walks by dynamically altering photons wavefront and polarization, relying on metasurfaces whose action is &hellip;<\/p>\n<p class=\"read-more\"> <a class=\"more-link\" href=\"https:\/\/www.qst.unina.it\/index.php\/quantum-optics-1-2\/\"> <span class=\"screen-reader-text\">Quantum Optics 1<\/span> Leggi tutto &raquo;<\/a><\/p>\n","protected":false},"author":1,"featured_media":0,"parent":0,"menu_order":0,"comment_status":"closed","ping_status":"closed","template":"","meta":{"footnotes":""},"class_list":["post-258","page","type-page","status-publish","hentry"],"_links":{"self":[{"href":"https:\/\/www.qst.unina.it\/index.php\/wp-json\/wp\/v2\/pages\/258","targetHints":{"allow":["GET"]}}],"collection":[{"href":"https:\/\/www.qst.unina.it\/index.php\/wp-json\/wp\/v2\/pages"}],"about":[{"href":"https:\/\/www.qst.unina.it\/index.php\/wp-json\/wp\/v2\/types\/page"}],"author":[{"embeddable":true,"href":"https:\/\/www.qst.unina.it\/index.php\/wp-json\/wp\/v2\/users\/1"}],"replies":[{"embeddable":true,"href":"https:\/\/www.qst.unina.it\/index.php\/wp-json\/wp\/v2\/comments?post=258"}],"version-history":[{"count":34,"href":"https:\/\/www.qst.unina.it\/index.php\/wp-json\/wp\/v2\/pages\/258\/revisions"}],"predecessor-version":[{"id":516,"href":"https:\/\/www.qst.unina.it\/index.php\/wp-json\/wp\/v2\/pages\/258\/revisions\/516"}],"wp:attachment":[{"href":"https:\/\/www.qst.unina.it\/index.php\/wp-json\/wp\/v2\/media?parent=258"}],"curies":[{"name":"wp","href":"https:\/\/api.w.org\/{rel}","templated":true}]}}